{"id":1967,"date":"2024-08-26T09:55:36","date_gmt":"2024-08-26T07:55:36","guid":{"rendered":"https:\/\/ivault.app\/?page_id=1967"},"modified":"2024-10-15T17:26:10","modified_gmt":"2024-10-15T15:26:10","slug":"allgemeine-geschaeftsbedingungen","status":"publish","type":"page","link":"https:\/\/ivault.app\/de\/allgemeine-geschaeftsbedingungen","title":{"rendered":"Terms &#038; Conditions of the iVault website"},"content":{"rendered":"\t\t<div data-elementor-type=\"wp-page\" data-elementor-id=\"1967\" class=\"elementor elementor-1967 elementor-1134\" data-elementor-post-type=\"page\">\n\t\t\t\t\t\t<section class=\"elementor-section elementor-top-section elementor-element elementor-element-ef64a7a format_text_ivault elementor-section-boxed elementor-section-height-default elementor-section-height-default\" data-id=\"ef64a7a\" data-element_type=\"section\" data-e-type=\"section\">\n\t\t\t\t\t\t<div class=\"elementor-container elementor-column-gap-default\">\n\t\t\t\t\t<div class=\"aux-parallax-section elementor-column elementor-col-100 elementor-top-column elementor-element elementor-element-df84c35\" data-id=\"df84c35\" data-element_type=\"column\" data-e-type=\"column\">\n\t\t\t<div class=\"elementor-widget-wrap elementor-element-populated\">\n\t\t\t\t\t\t<div class=\"elementor-element elementor-element-4b8b2b1 elementor-widget elementor-widget-text-editor\" data-id=\"4b8b2b1\" data-element_type=\"widget\" data-e-type=\"widget\" data-widget_type=\"text-editor.default\">\n\t\t\t\t<div class=\"elementor-widget-container\">\n\t\t\t\t\t\t\t\t\t<p><strong>Allgemeine Gesch\u00e4ftsbedingungen<\/strong><\/p><p>M\u00f6glicherweise kannst du nicht alle unsere Produkte vollst\u00e4ndig nutzen, da bestimmte Dienste in deinem Land eingeschr\u00e4nkt sind. iVault bezeichnet die Marke iVault und kennzeichnet den Ursprung unserer Angebote.<\/p><p>In diesen Allgemeinen Gesch\u00e4ftsbedingungen wird aus Gr\u00fcnden der besseren Lesbarkeit auf die gleichzeitige Verwendung m\u00e4nnlicher und weiblicher Sprachformen verzichtet. Pers\u00f6nliche Ausdr\u00fccke beziehen sich gleicherma\u00dfen auf beide Geschlechter.<\/p><p>HINWEIS: Wenn du die Datenschutzrichtlinie der iVault\u2122-Mobile-App oder die Allgemeinen Gesch\u00e4ftsbedingungen der iVault\u2122-Mobile-App suchst, gehe bitte zu den folgenden Seiten:<br \/>Datenschutzrichtlinie der iVault\u2122-Mobile-App<br \/>Allgemeine Gesch\u00e4ftsbedingungen der iVault\u2122-Mobile-App<\/p><p><strong>Nutzungsbedingungen<br \/><\/strong>ivault.app bietet dir seine Dienste unter den folgenden Bedingungen an. Wenn du diese Website besuchst oder dort einkaufst, akzeptierst du diese Bedingungen. Bitte lies sie sorgf\u00e4ltig durch.<\/p><p><strong>Datenschutz<br \/><\/strong>Bitte \u00fcberpr\u00fcfe die Datenschutzrichtlinie der ivault.app-Website, die auch deinen Besuch auf unserer Website regelt, um unsere Praktiken zu verstehen.<\/p><p><strong>Elektronische Kommunikation<br \/><\/strong>Wenn du ivault.app besuchst oder uns E-Mails sendest, kommunizierst du elektronisch mit uns. Du stimmst zu, elektronische Mitteilungen von uns zu erhalten. Wir werden mit dir per E-Mail oder durch das Ver\u00f6ffentlichen von Hinweisen auf dieser Seite kommunizieren. Du stimmst zu, dass alle Vereinbarungen, Mitteilungen, Offenlegungen und anderen Mitteilungen, die wir dir elektronisch bereitstellen, alle rechtlichen Anforderungen erf\u00fcllen, dass solche Mitteilungen schriftlich erfolgen.<\/p><p><strong>Urheberrecht<br \/><\/strong>Alle Inhalte, die auf dieser Seite enthalten sind, wie Texte, Grafiken, Logos, Schaltfl\u00e4chensymbole, Bilder, Audio-Clips, digitale Downloads, Datenkompilationen und Software, sind Eigentum von iVault oder seinen Inhaltsanbietern und durch internationale Urheberrechtsgesetze gesch\u00fctzt. Die Zusammenstellung aller Inhalte auf dieser Seite ist das ausschlie\u00dfliche Eigentum von iVault, mit Urheberrecht f\u00fcr diese Sammlung durch iVault, und durch internationale Urheberrechtsgesetze gesch\u00fctzt.<\/p><p><strong>Marken<br \/><\/strong>Die Marken und das Erscheinungsbild von ivault.app d\u00fcrfen nicht in Verbindung mit einem Produkt oder einer Dienstleistung verwendet werden, die in keiner Weise mit ivault verbunden sind, wenn dies wahrscheinlich zu Verwirrung bei den Kunden f\u00fchrt oder in einer Weise, die ivault.app herabsetzt oder diskreditiert. Alle anderen Marken, die nicht im Besitz von iVault oder seinen Tochtergesellschaften sind und auf dieser Seite erscheinen, sind Eigentum ihrer jeweiligen Inhaber, die m\u00f6glicherweise nicht mit iVault oder seinen Tochtergesellschaften verbunden sind, in Verbindung stehen oder von ihnen gesponsert werden.<\/p><p><strong>Lizenz und Zugang zur Seite<br \/><\/strong>ivault.app gew\u00e4hrt dir eine eingeschr\u00e4nkte Lizenz, auf diese Seite zuzugreifen und sie f\u00fcr pers\u00f6nliche Zwecke zu nutzen, und nicht, um sie herunterzuladen (au\u00dfer zum Seiten-Caching) oder zu \u00e4ndern, oder einen Teil davon, es sei denn, mit ausdr\u00fccklicher schriftlicher Genehmigung von ivault.app. Diese Lizenz umfasst keine Wiederver\u00e4u\u00dferung oder kommerzielle Nutzung dieser Seite oder ihrer Inhalte: keine Sammlung und Nutzung von Produktlisten, Beschreibungen oder Preisen: keine abgeleitete Nutzung dieser Seite oder ihrer Inhalte: kein Herunterladen oder Kopieren von Kontoinformationen zugunsten eines anderen H\u00e4ndlers: oder eine Nutzung von Datenmining, Robotern oder \u00e4hnlichen Datenbeschaffungs- und Extraktionswerkzeugen.<\/p><p>Diese Seite oder ein Teil dieser Seite darf nicht reproduziert, dupliziert, kopiert, verkauft, weiterverkauft, besucht oder anderweitig f\u00fcr kommerzielle Zwecke genutzt werden, ohne ausdr\u00fcckliche schriftliche Genehmigung von ivault.app. Du darfst keine Framing-Techniken verwenden, um eine Marke, ein Logo oder andere urheberrechtlich gesch\u00fctzte Informationen (einschlie\u00dflich Bilder, Texte, Seitenlayout oder Form) von ivault.app und unseren Partnern ohne ausdr\u00fcckliche schriftliche Genehmigung einzuschlie\u00dfen. Du darfst keine Meta-Tags oder andere \u201eversteckte Texte\u201c verwenden, die den Namen oder die Marken von ivault.app enthalten, ohne die ausdr\u00fcckliche schriftliche Genehmigung von ivault.<\/p><p>Jede unbefugte Nutzung beendet die von ivault.app erteilte Erlaubnis oder Lizenz. Dir wird ein begrenztes, widerrufliches und nicht exklusives Recht einger\u00e4umt, einen Hyperlink zur Startseite von ivault.app zu erstellen, solange der Link ivault.app, seine Partner oder deren Produkte oder Dienstleistungen nicht in einer falschen, irref\u00fchrenden, abwertenden oder anderweitig beleidigenden Weise darstellt. Du darfst kein ivault.app-Logo oder anderes urheberrechtlich gesch\u00fctztes Grafikelement oder eine Marke als Teil des Links verwenden, ohne ausdr\u00fcckliche schriftliche Genehmigung.<\/p><p><strong>Dein Mitgliedskonto<br \/><\/strong>Wenn du diese Seite nutzt, bist du verantwortlich f\u00fcr die Vertraulichkeit deines Kontos und Passworts und daf\u00fcr, den Zugriff auf deinen Computer einzuschr\u00e4nken. Du stimmst zu, die Verantwortung f\u00fcr alle Aktivit\u00e4ten zu \u00fcbernehmen, die unter deinem Konto oder Passwort auftreten. Wenn du unter 18 Jahre alt bist, darfst du unsere Website nur mit der Beteiligung eines Elternteils oder Erziehungsberechtigten nutzen.<\/p><p>ivault.app und seine Partner behalten sich das Recht vor, den Service zu verweigern, Konten zu k\u00fcndigen, Inhalte zu entfernen oder zu bearbeiten oder Bestellungen nach eigenem Ermessen zu stornieren.<\/p><p><strong>Bewertungen, Kommentare, E-Mails und andere Inhalte<br \/><\/strong>Besucher d\u00fcrfen Bewertungen, Kommentare und andere Inhalte posten und Vorschl\u00e4ge, Ideen, Kommentare, Fragen oder andere Informationen einreichen, solange die Inhalte nicht illegal, obsz\u00f6n, bedrohlich, verleumderisch, in die Privatsph\u00e4re eingreifend, geistige Eigentumsrechte verletzend oder anderweitig sch\u00e4dlich f\u00fcr Dritte oder anst\u00f6\u00dfig sind und keine Software-Viren, politische Kampagnen, kommerzielle Werbung, Kettenbriefe, Massenmailings oder eine Form von \u201eSpam\u201c enthalten. Du darfst keine falsche E-Mail-Adresse verwenden, keine Person oder Einheit imitieren oder anderweitig in die Irre f\u00fchren, was die Herkunft einer Karte oder eines anderen Inhalts betrifft. ivault.app beh\u00e4lt sich das Recht vor (aber nicht die Verpflichtung), solche Inhalte zu entfernen oder zu bearbeiten, \u00fcberpr\u00fcft jedoch nicht regelm\u00e4\u00dfig die ver\u00f6ffentlichten Inhalte.<\/p><p>Wenn du Inhalte postest oder Materialien einreichst und wir nicht anders angeben, gew\u00e4hrst du ivault.app und seinen Partnern das nicht-exklusive, geb\u00fchrenfreie, zeitlich unbefristete, unwiderrufliche und vollst\u00e4ndig unterlizenzierbare Recht, solche Inhalte weltweit in jedem Medium zu verwenden, zu reproduzieren, zu modifizieren, anzupassen, zu ver\u00f6ffentlichen, zu \u00fcbersetzen, abgeleitete Werke daraus zu erstellen, zu verbreiten und anzuzeigen. Du gew\u00e4hrst ivault.app und seinen Partnern und Unterlizenznehmern das Recht, den Namen, den du in Verbindung mit solchen Inhalten einreichst, zu verwenden, wenn sie dies w\u00fcnschen. Du versicherst und garantierst, dass du alle Rechte an den Inhalten, die du postest, besitzt oder anderweitig kontrollierst: dass die Inhalte genau sind: dass die Nutzung der von dir gelieferten Inhalte diese Richtlinie nicht verletzt und keine Sch\u00e4den f\u00fcr eine Person oder Einheit verursacht: und dass du ivault.app oder seine Partner f\u00fcr alle Anspr\u00fcche, die aus den von dir gelieferten Inhalten resultieren, schadlos h\u00e4ltst.<\/p><p>ivault.app hat das Recht, aber nicht die Verpflichtung, jede Aktivit\u00e4t oder jeden Inhalt zu \u00fcberwachen und zu bearbeiten oder zu entfernen. ivault.app \u00fcbernimmt keine Verantwortung und haftet nicht f\u00fcr Inhalte, die von dir oder Dritten gepostet werden.<\/p><p><strong>Risiko des Verlusts<br \/><\/strong>Alle Artikel, die bei ivault.app gekauft werden, erfolgen im Rahmen eines Versandvertrags. Das bedeutet im Wesentlichen, dass das Risiko des Verlusts und das Eigentum an solchen Artikeln auf dich \u00fcbergehen, sobald wir sie an den Frachtf\u00fchrer \u00fcbergeben.<\/p><p><strong>Produktbeschreibungen<br \/><\/strong>ivault.app und seine Partner versuchen, so genau wie m\u00f6glich zu sein. ivault.app gibt jedoch keine Gew\u00e4hr daf\u00fcr, dass die Produktbeschreibungen oder anderen Inhalte dieser Seite genau, vollst\u00e4ndig, zuverl\u00e4ssig, aktuell oder fehlerfrei sind. Wenn ein von ivault.app angebotenes Produkt nicht wie beschrieben ist, besteht dein einziges Rechtsmittel darin, es in unbenutztem Zustand zur\u00fcckzugeben.<\/p><p><strong>HAFTUNGSAUSSCHLUSS UND HAFTUNGSBESCHR\u00c4NKUNG<br \/><\/strong>DIESE SEITE WIRD VON ivault.app AUF EINER &#8222;WIE BESEHEN&#8220; UND &#8222;WIE VERF\u00dcGBAR&#8220;-BASIS BEREITGESTELLT. ivault.app MACHT KEINE ZUSICHERUNGEN ODER GEW\u00c4HRLEISTUNGEN IRGENDEINER ART, WEDER AUSDR\u00dcCKLICH NOCH STILLSCHWEIGEND, HINSICHTLICH DES BETRIEBS DIESER SEITE ODER DER INFORMATIONEN, INHALTE, MATERIALIEN ODER PRODUKTE, DIE AUF DIESER SEITE ENTHALTEN SIND. DU STIMMST AUSDR\u00dcCKLICH ZU, DASS DEINE NUTZUNG DIESER SEITE AUF EIGENES RISIKO ERFOLGT. IM VOLLEN GESETZLICH ZUL\u00c4SSIGEN UMFANG SCHLIESST ivault.app ALLE GEW\u00c4HRLEISTUNGEN AUS, OB AUSDR\u00dcCKLICH ODER STILLSCHWEIGEND, EINSCHLIESSLICH, ABER NICHT BESCHR\u00c4NKT AUF STILLSCHWEIGENDE GEW\u00c4HRLEISTUNGEN DER MARKTF\u00c4HIGKEIT UND DER EIGNUNG F\u00dcR EINEN BESTIMMTEN ZWECK. ivault.app GARANTIERT NICHT, DASS DIESE SEITE, IHRE SERVER ODER VON ivault.app GESENDETE E-MAILS FREI VON VIREN ODER ANDEREN SCH\u00c4DLICHEN BESTANDTEILEN SIND. ivault.app HAFTET NICHT F\u00dcR SCH\u00c4DEN JEGLICHER ART, DIE AUS DER NUTZUNG DIESER SEITE ENTSTEHEN, EINSCHLIE\u00dfLICH, ABER NICHT BESCHR\u00c4NKT AUF DIREKTE, INDIREKTE, ZUF\u00c4LLIGE, STRAF- UND FOLGESCH\u00c4DEN. BESTIMMTE STAATLICHE GESETZE LASSEN KEINE EINSCHR\u00c4NKUNGEN STILLSCHWEIGENDER GEW\u00c4HRLEISTUNGEN ODER DEN AUSSCHLUSS ODER DIE EINSCHR\u00c4NKUNG BESTIMMTER SCH\u00c4DEN ZU. WENN DIESE GESETZE AUF DICH ZUTREFFEN, K\u00d6NNEN EINIGE ODER ALLE DER OBIGEN HAFTUNGSAUSSCHL\u00dcSSE, AUSSCHL\u00dcSSE ODER EINSCHR\u00c4NKUNGEN F\u00dcR DICH NICHT GELTEN, UND DU K\u00d6NNTEST ZUS\u00c4TZLICHE RECHTE HABEN.<\/p><p><strong>Anwendbares Recht<br \/><\/strong>Durch den Besuch von ivault.app stimmst du zu, dass die Gesetze des Staates Schweiz, ohne R\u00fccksicht auf die Grunds\u00e4tze des Kollisionsrechts, diese Nutzungsbedingungen und alle Streitigkeiten jeglicher Art, die zwischen dir und ivault.app oder seinen Partnern entstehen k\u00f6nnten, regeln.<\/p><p><strong>Streitigkeiten<br \/><\/strong>Jede Streitigkeit, die in irgendeiner Weise mit deinem Besuch auf ivault.app oder mit Produkten, die du \u00fcber ivault.app erwirbst, zusammenh\u00e4ngt, wird einem vertraulichen Schiedsverfahren in der Schweiz unterzogen, es sei denn, dass ivault.app in irgendeiner Weise seine geistigen Eigentumsrechte verletzt oder deren Verletzung droht. In diesem Fall kann ivault.app einstweilige oder andere angemessene Ma\u00dfnahmen in jedem staatlichen oder bundesstaatlichen Gericht im Staat Schweiz beantragen, und du stimmst der ausschlie\u00dflichen Zust\u00e4ndigkeit und dem Gerichtsstand in diesen Gerichten zu.<\/p><p>Das Schiedsverfahren nach dieser Vereinbarung wird nach den jeweils geltenden Regeln der American Arbitration Association durchgef\u00fchrt. Der Schiedsspruch der Schiedsrichter ist verbindlich und kann als Urteil in jedem zust\u00e4ndigen Gericht eingetragen werden. Im gr\u00f6\u00dftm\u00f6glichen gesetzlich zul\u00e4ssigen Umfang darf kein Schiedsverfahren gem\u00e4\u00df dieser Vereinbarung mit einem Schiedsverfahren zusammengef\u00fchrt werden, an dem eine andere Partei beteiligt ist, die dieser Vereinbarung unterliegt, sei es durch Sammelschiedsverfahren oder auf andere Weise.<\/p><p><strong>Richtlinien der Website, \u00c4nderungen und Salvatorische Klausel<br \/><\/strong>Bitte \u00fcberpr\u00fcfe unsere anderen Richtlinien, wie zum Beispiel unsere Versand- und R\u00fcckgaberichtlinien, die auf dieser Seite ver\u00f6ffentlicht sind. Diese Richtlinien regeln ebenfalls deinen Besuch auf ivault.app. Wir behalten uns das Recht vor, unsere Seite, unsere Richtlinien und diese Nutzungsbedingungen jederzeit zu \u00e4ndern. Wenn eine dieser Bedingungen als ung\u00fcltig, nichtig oder aus irgendeinem Grund als nicht durchsetzbar angesehen wird, gilt diese Bedingung als trennbar und beeinflusst nicht die G\u00fcltigkeit und Durchsetzbarkeit der verbleibenden Bedingungen<strong>.<\/strong><\/p><p>Fragen zu unseren Nutzungsbedingungen, der Datenschutzrichtlinie oder anderen richtlinien -bezogenen Materialien k\u00f6nnen an unser Support-Team per E-Mail an: support@ivault.app gerichtet werden.<\/p>\t\t\t\t\t\t\t\t<\/div>\n\t\t\t\t<\/div>\n\t\t\t\t<div class=\"elementor-element elementor-element-3b6b9a0 elementor-widget elementor-widget-spacer\" data-id=\"3b6b9a0\" data-element_type=\"widget\" data-e-type=\"widget\" data-widget_type=\"spacer.default\">\n\t\t\t\t<div class=\"elementor-widget-container\">\n\t\t\t\t\t\t\t<div class=\"elementor-spacer\">\n\t\t\t<div class=\"elementor-spacer-inner\"><\/div>\n\t\t<\/div>\n\t\t\t\t\t\t<\/div>\n\t\t\t\t<\/div>\n\t\t\t\t<div class=\"elementor-element elementor-element-3535191 elementor-widget elementor-widget-spacer\" data-id=\"3535191\" data-element_type=\"widget\" data-e-type=\"widget\" data-widget_type=\"spacer.default\">\n\t\t\t\t<div class=\"elementor-widget-container\">\n\t\t\t\t\t\t\t<div class=\"elementor-spacer\">\n\t\t\t<div class=\"elementor-spacer-inner\"><\/div>\n\t\t<\/div>\n\t\t\t\t\t\t<\/div>\n\t\t\t\t<\/div>\n\t\t\t\t<div class=\"elementor-element elementor-element-b2bc68f elementor-widget elementor-widget-spacer\" data-id=\"b2bc68f\" data-element_type=\"widget\" data-e-type=\"widget\" data-widget_type=\"spacer.default\">\n\t\t\t\t<div class=\"elementor-widget-container\">\n\t\t\t\t\t\t\t<div class=\"elementor-spacer\">\n\t\t\t<div class=\"elementor-spacer-inner\"><\/div>\n\t\t<\/div>\n\t\t\t\t\t\t<\/div>\n\t\t\t\t<\/div>\n\t\t\t\t\t<\/div>\n\t\t<\/div>\n\t\t\t\t\t<\/div>\n\t\t<\/section>\n\t\t\t\t<section class=\"elementor-section elementor-top-section elementor-element elementor-element-34cb2ec elementor-section-boxed elementor-section-height-default elementor-section-height-default\" data-id=\"34cb2ec\" data-element_type=\"section\" data-e-type=\"section\">\n\t\t\t\t\t\t<div class=\"elementor-container elementor-column-gap-default\">\n\t\t\t\t\t<div class=\"aux-parallax-section elementor-column elementor-col-100 elementor-top-column elementor-element elementor-element-0da9f6b\" data-id=\"0da9f6b\" data-element_type=\"column\" data-e-type=\"column\">\n\t\t\t<div class=\"elementor-widget-wrap\">\n\t\t\t\t\t\t\t<\/div>\n\t\t<\/div>\n\t\t\t\t\t<\/div>\n\t\t<\/section>\n\t\t\t\t<\/div>\n\t\t","protected":false},"excerpt":{"rendered":"<p>Allgemeine Gesch\u00e4ftsbedingungen M\u00f6glicherweise kannst du nicht alle unsere Produkte vollst\u00e4ndig nutzen, da bestimmte Dienste in deinem Land eingeschr\u00e4nkt sind. iVault bezeichnet die Marke iVault und kennzeichnet den Ursprung unserer Angebote. In diesen Allgemeinen Gesch\u00e4ftsbedingungen wird aus Gr\u00fcnden der besseren Lesbarkeit auf die gleichzeitige Verwendung m\u00e4nnlicher und weiblicher Sprachformen verzichtet. Pers\u00f6nliche Ausdr\u00fccke beziehen sich gleicherma\u00dfen auf [&hellip;]<\/p>\n","protected":false},"author":1,"featured_media":0,"parent":0,"menu_order":0,"comment_status":"closed","ping_status":"closed","template":"templates\/page-builder-content.php","meta":{"footnotes":""},"class_list":["post-1967","page","type-page","status-publish","hentry"],"yoast_head":"<!-- This site is optimized with the Yoast SEO plugin v27.3 - https:\/\/yoast.com\/product\/yoast-seo-wordpress\/ -->\n<title>Terms &amp; Conditions of the iVault website - ivault.app<\/title>\n<meta name=\"robots\" content=\"index, follow, max-snippet:-1, max-image-preview:large, max-video-preview:-1\" \/>\n<link rel=\"canonical\" href=\"https:\/\/ivault.app\/terms-and-conditions-of-the-ivault-website\" \/>\n<meta property=\"og:locale\" content=\"de_DE\" \/>\n<meta property=\"og:type\" content=\"article\" \/>\n<meta property=\"og:title\" content=\"Terms &amp; Conditions of the iVault website - ivault.app\" \/>\n<meta property=\"og:description\" content=\"Allgemeine Gesch\u00e4ftsbedingungen M\u00f6glicherweise kannst du nicht alle unsere Produkte vollst\u00e4ndig nutzen, da bestimmte Dienste in deinem Land eingeschr\u00e4nkt sind. iVault bezeichnet die Marke iVault und kennzeichnet den Ursprung unserer Angebote. In diesen Allgemeinen Gesch\u00e4ftsbedingungen wird aus Gr\u00fcnden der besseren Lesbarkeit auf die gleichzeitige Verwendung m\u00e4nnlicher und weiblicher Sprachformen verzichtet. Pers\u00f6nliche Ausdr\u00fccke beziehen sich gleicherma\u00dfen auf [&hellip;]\" \/>\n<meta property=\"og:url\" content=\"https:\/\/ivault.app\/terms-and-conditions-of-the-ivault-website\" \/>\n<meta property=\"og:site_name\" content=\"ivault.app\" \/>\n<meta property=\"article:publisher\" content=\"https:\/\/www.facebook.com\/ivaultapp\" \/>\n<meta property=\"article:modified_time\" content=\"2024-10-15T15:26:10+00:00\" \/>\n<meta name=\"twitter:card\" content=\"summary_large_image\" \/>\n<meta name=\"twitter:label1\" content=\"Gesch\u00e4tzte Lesezeit\" \/>\n\t<meta name=\"twitter:data1\" content=\"8\u00a0Minuten\" \/>\n<script type=\"application\/ld+json\" class=\"yoast-schema-graph\">{\"@context\":\"https:\\\/\\\/schema.org\",\"@graph\":[{\"@type\":\"WebPage\",\"@id\":\"https:\\\/\\\/ivault.app\\\/terms-and-conditions-of-the-ivault-website\",\"url\":\"https:\\\/\\\/ivault.app\\\/terms-and-conditions-of-the-ivault-website\",\"name\":\"Terms & Conditions of the iVault website - ivault.app\",\"isPartOf\":{\"@id\":\"https:\\\/\\\/ivault.app\\\/#website\"},\"datePublished\":\"2024-08-26T07:55:36+00:00\",\"dateModified\":\"2024-10-15T15:26:10+00:00\",\"breadcrumb\":{\"@id\":\"https:\\\/\\\/ivault.app\\\/terms-and-conditions-of-the-ivault-website#breadcrumb\"},\"inLanguage\":\"de\",\"potentialAction\":[{\"@type\":\"ReadAction\",\"target\":[\"https:\\\/\\\/ivault.app\\\/terms-and-conditions-of-the-ivault-website\"]}]},{\"@type\":\"BreadcrumbList\",\"@id\":\"https:\\\/\\\/ivault.app\\\/terms-and-conditions-of-the-ivault-website#breadcrumb\",\"itemListElement\":[{\"@type\":\"ListItem\",\"position\":1,\"name\":\"Home\",\"item\":\"https:\\\/\\\/ivault.app\\\/\"},{\"@type\":\"ListItem\",\"position\":2,\"name\":\"Terms &#038; Conditions of the iVault website\"}]},{\"@type\":\"WebSite\",\"@id\":\"https:\\\/\\\/ivault.app\\\/#website\",\"url\":\"https:\\\/\\\/ivault.app\\\/\",\"name\":\"ivault.app\",\"description\":\"The Peer to Peer Rental App\",\"publisher\":{\"@id\":\"https:\\\/\\\/ivault.app\\\/#organization\"},\"potentialAction\":[{\"@type\":\"SearchAction\",\"target\":{\"@type\":\"EntryPoint\",\"urlTemplate\":\"https:\\\/\\\/ivault.app\\\/?s={search_term_string}\"},\"query-input\":{\"@type\":\"PropertyValueSpecification\",\"valueRequired\":true,\"valueName\":\"search_term_string\"}}],\"inLanguage\":\"de\"},{\"@type\":\"Organization\",\"@id\":\"https:\\\/\\\/ivault.app\\\/#organization\",\"name\":\"ivault.app\",\"url\":\"https:\\\/\\\/ivault.app\\\/\",\"logo\":{\"@type\":\"ImageObject\",\"inLanguage\":\"de\",\"@id\":\"https:\\\/\\\/ivault.app\\\/#\\\/schema\\\/logo\\\/image\\\/\",\"url\":\"https:\\\/\\\/ivault.app\\\/wp-content\\\/uploads\\\/2024\\\/06\\\/ivault_horizontal_logo_pos_4c_slogan_green_small.svg\",\"contentUrl\":\"https:\\\/\\\/ivault.app\\\/wp-content\\\/uploads\\\/2024\\\/06\\\/ivault_horizontal_logo_pos_4c_slogan_green_small.svg\",\"width\":272,\"height\":89,\"caption\":\"ivault.app\"},\"image\":{\"@id\":\"https:\\\/\\\/ivault.app\\\/#\\\/schema\\\/logo\\\/image\\\/\"},\"sameAs\":[\"https:\\\/\\\/www.facebook.com\\\/ivaultapp\",\"https:\\\/\\\/www.instagram.com\\\/ivault.vienna\",\"https:\\\/\\\/www.youtube.com\\\/channel\\\/UC0PBnUqhk0T2Ag6pTB-SneQ\",\"https:\\\/\\\/www.tiktok.com\\\/@ivault.vienna\"]}]}<\/script>\n<!-- \/ Yoast SEO plugin. -->","yoast_head_json":{"title":"Terms & Conditions of the iVault website - ivault.app","robots":{"index":"index","follow":"follow","max-snippet":"max-snippet:-1","max-image-preview":"max-image-preview:large","max-video-preview":"max-video-preview:-1"},"canonical":"https:\/\/ivault.app\/terms-and-conditions-of-the-ivault-website","og_locale":"de_DE","og_type":"article","og_title":"Terms & Conditions of the iVault website - ivault.app","og_description":"Allgemeine Gesch\u00e4ftsbedingungen M\u00f6glicherweise kannst du nicht alle unsere Produkte vollst\u00e4ndig nutzen, da bestimmte Dienste in deinem Land eingeschr\u00e4nkt sind. iVault bezeichnet die Marke iVault und kennzeichnet den Ursprung unserer Angebote. In diesen Allgemeinen Gesch\u00e4ftsbedingungen wird aus Gr\u00fcnden der besseren Lesbarkeit auf die gleichzeitige Verwendung m\u00e4nnlicher und weiblicher Sprachformen verzichtet. Pers\u00f6nliche Ausdr\u00fccke beziehen sich gleicherma\u00dfen auf [&hellip;]","og_url":"https:\/\/ivault.app\/terms-and-conditions-of-the-ivault-website","og_site_name":"ivault.app","article_publisher":"https:\/\/www.facebook.com\/ivaultapp","article_modified_time":"2024-10-15T15:26:10+00:00","twitter_card":"summary_large_image","twitter_misc":{"Gesch\u00e4tzte Lesezeit":"8\u00a0Minuten"},"schema":{"@context":"https:\/\/schema.org","@graph":[{"@type":"WebPage","@id":"https:\/\/ivault.app\/terms-and-conditions-of-the-ivault-website","url":"https:\/\/ivault.app\/terms-and-conditions-of-the-ivault-website","name":"Terms & Conditions of the iVault website - ivault.app","isPartOf":{"@id":"https:\/\/ivault.app\/#website"},"datePublished":"2024-08-26T07:55:36+00:00","dateModified":"2024-10-15T15:26:10+00:00","breadcrumb":{"@id":"https:\/\/ivault.app\/terms-and-conditions-of-the-ivault-website#breadcrumb"},"inLanguage":"de","potentialAction":[{"@type":"ReadAction","target":["https:\/\/ivault.app\/terms-and-conditions-of-the-ivault-website"]}]},{"@type":"BreadcrumbList","@id":"https:\/\/ivault.app\/terms-and-conditions-of-the-ivault-website#breadcrumb","itemListElement":[{"@type":"ListItem","position":1,"name":"Home","item":"https:\/\/ivault.app\/"},{"@type":"ListItem","position":2,"name":"Terms &#038; Conditions of the iVault website"}]},{"@type":"WebSite","@id":"https:\/\/ivault.app\/#website","url":"https:\/\/ivault.app\/","name":"ivault.app","description":"The Peer to Peer Rental App","publisher":{"@id":"https:\/\/ivault.app\/#organization"},"potentialAction":[{"@type":"SearchAction","target":{"@type":"EntryPoint","urlTemplate":"https:\/\/ivault.app\/?s={search_term_string}"},"query-input":{"@type":"PropertyValueSpecification","valueRequired":true,"valueName":"search_term_string"}}],"inLanguage":"de"},{"@type":"Organization","@id":"https:\/\/ivault.app\/#organization","name":"ivault.app","url":"https:\/\/ivault.app\/","logo":{"@type":"ImageObject","inLanguage":"de","@id":"https:\/\/ivault.app\/#\/schema\/logo\/image\/","url":"https:\/\/ivault.app\/wp-content\/uploads\/2024\/06\/ivault_horizontal_logo_pos_4c_slogan_green_small.svg","contentUrl":"https:\/\/ivault.app\/wp-content\/uploads\/2024\/06\/ivault_horizontal_logo_pos_4c_slogan_green_small.svg","width":272,"height":89,"caption":"ivault.app"},"image":{"@id":"https:\/\/ivault.app\/#\/schema\/logo\/image\/"},"sameAs":["https:\/\/www.facebook.com\/ivaultapp","https:\/\/www.instagram.com\/ivault.vienna","https:\/\/www.youtube.com\/channel\/UC0PBnUqhk0T2Ag6pTB-SneQ","https:\/\/www.tiktok.com\/@ivault.vienna"]}]}},"_links":{"self":[{"href":"https:\/\/ivault.app\/de\/wp-json\/wp\/v2\/pages\/1967","targetHints":{"allow":["GET"]}}],"collection":[{"href":"https:\/\/ivault.app\/de\/wp-json\/wp\/v2\/pages"}],"about":[{"href":"https:\/\/ivault.app\/de\/wp-json\/wp\/v2\/types\/page"}],"author":[{"embeddable":true,"href":"https:\/\/ivault.app\/de\/wp-json\/wp\/v2\/users\/1"}],"replies":[{"embeddable":true,"href":"https:\/\/ivault.app\/de\/wp-json\/wp\/v2\/comments?post=1967"}],"version-history":[{"count":4,"href":"https:\/\/ivault.app\/de\/wp-json\/wp\/v2\/pages\/1967\/revisions"}],"predecessor-version":[{"id":1971,"href":"https:\/\/ivault.app\/de\/wp-json\/wp\/v2\/pages\/1967\/revisions\/1971"}],"wp:attachment":[{"href":"https:\/\/ivault.app\/de\/wp-json\/wp\/v2\/media?parent=1967"}],"curies":[{"name":"wp","href":"https:\/\/api.w.org\/{rel}","templated":true}]}}